{"id":3880,"date":"2023-02-07T16:26:15","date_gmt":"2023-02-07T16:26:15","guid":{"rendered":"https:\/\/ddigital.eu\/minust\/"},"modified":"2024-11-14T12:26:18","modified_gmt":"2024-11-14T12:26:18","slug":"minust","status":"publish","type":"page","link":"https:\/\/ddigital.eu\/et\/minust\/","title":{"rendered":"Minust"},"content":{"rendered":"<div class=\"wpb-content-wrapper\"><p>[vc_section][vc_row equal_height=&#8221;yes&#8221; content_placement=&#8221;top&#8221;][vc_column width=&#8221;1\/2&#8243;]<div  class=\"wpb_content_element   clearfix\"><style type=\"text\/css\">#ut_am_69e753f8d73f5 { opacity: 1; }#ut_am_wrap_69e753f8d73f6 .ut-image-gallery-item-caption-title h3 { letter-spacing: -0.03em; }#ut_am_wrap_69e753f8d73f6 .ut-gallery-slider-caption { font-weight: bold; }#ut_am_wrap_69e753f8d73f6 { text-align: center; }@media (min-width: 768px) and (max-width: 1024px) { #ut_am_wrap_69e753f8d73f6 { text-align: center !important; } }@media (max-width: 767px) { #ut_am_wrap_69e753f8d73f6 { text-align: center !important; } }<\/style><div id=\"ut_am_wrap_69e753f8d73f6\" class=\"ut-image-gallery-image \"><div id=\"ut_reveal_69e753f8d73f7\"  data-appear-top-offset=\"auto\" class=\"ut-animated-image-item ut-image-gallery-item ut-animation-done \"><a class=\"ut-deactivated-link\" href=\"#\"><div class=\"ut-animated-image-zoom\"><img loading=\"lazy\" decoding=\"async\" class=\"ut-lazy skip-lazy ut-animated-image \"  id=\"ut_am_69e753f8d73f5\" src=\"data:image\/svg+xml;charset=utf-8,%3Csvg xmlns%3D'http%3A%2F%2Fwww.w3.org%2F2000%2Fsvg' viewBox%3D'0 0 600 735'%2F%3E\" data-src=\"https:\/\/ddigital.eu\/wp-content\/uploads\/2024\/02\/Viktoria-Tarassenko-DDigital-Solutions-About-me-600x735.jpg\" width=\"600\" height=\"735\" alt=\"Viktoria Tarassenko DDigital Solutions About me\"\/><\/div><\/a><\/div><\/div><\/div>[\/vc_column][vc_column width=&#8221;1\/2&#8243;]<style type=\"text\/css\">#ut_custom_heading69e753f8d744d { color:#ff1654; }#ut_custom_heading69e753f8d744d { font-size:17px !important;letter-spacing:0.05em; }#ut_custom_heading69e753f8d744d { text-align:left; }@media (min-width: 768px) and (max-width: 1024px) { #ut_custom_heading69e753f8d744d { text-align:left; } }@media (max-width: 767px) { #ut_custom_heading69e753f8d744d { text-align:left; } }<\/style><h6 id=\"ut_custom_heading69e753f8d744d\" data-responsive-font=\"h6\" data-responsive-font-settings=\"{&quot;base-font-size&quot;:&quot;17&quot;,&quot;font-size-unit&quot;:&quot;px&quot;,&quot;font-size&quot;:{&quot;desktop_large&quot;:&quot;17&quot;},&quot;base-line-height&quot;:&quot;global&quot;,&quot;base-letter-spacing&quot;:&quot;global&quot;,&quot;letter-spacing&quot;:{&quot;desktop_large&quot;:&quot;0.05&quot;}}\" class=\"ut-custom-heading-module  \" ><span class=\"\" >Viktoria Maier<\/span><\/h6><div class=\"wpb_content_element \"><style type=\"text\/css\">#ut_header_69e753f8d8d71 h2.section-title { font-size:60px !important;line-height:70px !important;letter-spacing:-0.04em; }<\/style><header id=\"ut_header_69e753f8d8d71\" class=\"section-header  ut-no-title-linebreak-mobile ut-no-lead-linebreak-mobile pt-style-7 header-left header-tablet-left header-mobile-center element-with-custom-line-height\"><div class=\"element-with-custom-line-height\" ><h2 data-title=\"Turundaja ja graafiline disainer\"  data-responsive-font=\"section_title\" data-responsive-font-settings=\"{&quot;base-font-size&quot;:&quot;global&quot;,&quot;font-size&quot;:{&quot;desktop_large&quot;:&quot;60&quot;},&quot;base-line-height&quot;:&quot;global&quot;,&quot;line-height&quot;:{&quot;desktop_large&quot;:&quot;70&quot;},&quot;base-letter-spacing&quot;:&quot;global&quot;,&quot;letter-spacing&quot;:{&quot;desktop_large&quot;:&quot;-0.04&quot;}}\" class=\"section-title  \"><span>Turundaja ja graafiline disainer<\/span><\/h2><\/div><div data-delay=\"0\" class=\"lead \"><p>Tere, saame tuttavaks! Minu nimi on Viktoria, olen professionaalne turundaja ja graafiline disainer Tallinnast, Eestist.<\/p>\n<p>Minu agentuur pakub t\u00e4ielikku valikut graafilise disaini ja turundusteenuseid. Ma aitan teil suurendada oma kasvupotentsiaali silmapaistva ja kaasaegse graafilise disaini, turunduse ja veebisaitide arendamise kaudu.<\/p>\n<p>Olenemata sellest, kas otsite logokujundust, lihtsat kujunduse uuendust, br\u00e4ndingut, veebisaidi kujundust v\u00f5i turundusstrateegiat. Olen siin, et kuulata, aidata ja juhendada teid kogu protsessi v\u00e4ltel.<\/p>\n<\/div><\/header><\/div><style type=\"text\/css\">#ut_custom_heading69e753f8d9042 { color:#ff1654; }#ut_custom_heading69e753f8d9042 { font-size:17px !important;letter-spacing:0.05em; }#ut_custom_heading69e753f8d9042 { text-align:left; }@media (min-width: 768px) and (max-width: 1024px) { #ut_custom_heading69e753f8d9042 { text-align:left; } }@media (max-width: 767px) { #ut_custom_heading69e753f8d9042 { text-align:left; } }<\/style><h6 id=\"ut_custom_heading69e753f8d9042\" data-responsive-font=\"h6\" data-responsive-font-settings=\"{&quot;base-font-size&quot;:&quot;17&quot;,&quot;font-size-unit&quot;:&quot;px&quot;,&quot;font-size&quot;:{&quot;desktop_large&quot;:&quot;17&quot;},&quot;base-line-height&quot;:&quot;global&quot;,&quot;base-letter-spacing&quot;:&quot;global&quot;,&quot;letter-spacing&quot;:{&quot;desktop_large&quot;:&quot;0.05&quot;}}\" class=\"ut-custom-heading-module  \" ><span class=\"\" >Minu kogemus<\/span><\/h6>[vc_row_inner css=&#8221;.vc_custom_1523371544800{margin-top: 0px !important;}&#8221;][vc_column_inner width=&#8221;1\/2&#8243;]<div class=\"wpb_content_element \"><style class=\"bklyn-inline-styles\" type=\"text\/css\">#ut_fl_69e753f8d9301662799373.bklyn-fancy-list { font-size: 12px !important; }#ut_fl_69e753f8d9301662799373.bklyn-fancy-list { line-height: 28px !important; }#ut_fl_69e753f8d9301662799373 li { color: #ff0039; }#ut_fl_69e753f8d9301662799373 li span { color: #151515; }#ut_fl_69e753f8d9301662799373 a { color: #151515; }#ut_fl_69e753f8d9301662799373 a:visited { color: #151515; }#ut_fl_69e753f8d9301662799373 ul { list-style-type: circle; }<\/style><div id=\"ut_fl_69e753f8d9301662799373\" class=\"bklyn-fancy-list  bklyn-fancy-list-left bklyn-fancy-list-tablet-left bklyn-fancy-list-mobile-center\"><ul class=\"bklyn-list \" data-appear-top-offset=\"almost\"><li class=\"bklyn-list-item-space-xsmall\"><span><a title=\"Graphic Design\" href=\"https:\/\/ddigital.eu\/services\/graphic-design\/\" target=\"_self\" ><span>Graafiline disain <\/span><\/a><\/span><\/li><li class=\"bklyn-list-item-space-xsmall\"><span><span>Br\u00e4nding ja logokujundus<\/span><\/a><\/span><\/li><li class=\"bklyn-list-item-space-xsmall\"><span><span>Visiitkaartide kujundus<\/span><\/a><\/span><\/li><li class=\"bklyn-list-item-space-xsmall\"><span><span>Sotsiaalmeedia kujundusteenused<\/span><\/a><\/span><\/li><\/ul><\/div><\/div>[\/vc_column_inner][vc_column_inner width=&#8221;1\/2&#8243;]<div class=\"wpb_content_element \"><style class=\"bklyn-inline-styles\" type=\"text\/css\">#ut_fl_69e753f8d96ac299197374.bklyn-fancy-list { font-size: 12px !important; }#ut_fl_69e753f8d96ac299197374.bklyn-fancy-list { line-height: 28px !important; }#ut_fl_69e753f8d96ac299197374 li { color: #ff0039; }#ut_fl_69e753f8d96ac299197374 li span { color: #151515; }#ut_fl_69e753f8d96ac299197374 a { color: #151515; }#ut_fl_69e753f8d96ac299197374 a:visited { color: #151515; }#ut_fl_69e753f8d96ac299197374 ul { list-style-type: circle; }<\/style><div id=\"ut_fl_69e753f8d96ac299197374\" class=\"bklyn-fancy-list  bklyn-fancy-list-left bklyn-fancy-list-tablet-left bklyn-fancy-list-mobile-center\"><ul class=\"bklyn-list \" data-appear-top-offset=\"almost\"><li class=\"bklyn-list-item-space-xsmall\"><span><a title=\"Website Development\" href=\"https:\/\/ddigital.eu\/services\/web-development\/\" target=\"_self\" ><span>Veebisaitide disain ja loomine<\/span><\/a><\/span><\/li><li class=\"bklyn-list-item-space-xsmall\"><span><a title=\"Website Development\" href=\"https:\/\/ddigital.eu\/services\/web-development\/\" target=\"_self\" ><span>E-poe loomine<\/span><\/a><\/span><\/li><li class=\"bklyn-list-item-space-xsmall\"><span><a title=\"Digital Marketing\" href=\"https:\/\/ddigital.eu\/services\/digital-marketing\/\" target=\"_self\" ><span>Turundusstrateegia v\u00e4ljat\u00f6\u00f6tamine<\/span><\/a><\/span><\/li><li class=\"bklyn-list-item-space-xsmall\"><span><span>Reklaamiseaded (Facebook, Instagram, Google)<\/span><\/a><\/span><\/li><\/ul><\/div><\/div>[\/vc_column_inner][\/vc_row_inner][\/vc_column][\/vc_row][vc_row][vc_column width=&#8221;1\/3&#8243;]<div class=\"wpb_content_element\"><style type=\"text\/css\">#ut_bi_69e753f8d97b2 .bklyn-big-icon-link i { color: #151515; }#ut_bi_69e753f8d97b2 .bklyn-big-icon-link:hover i { color: #ff1654; }#ut_bi_69e753f8d97b2 .bklyn-big-icon-slogan { color: #151515; }#ut_bi_69e753f8d97b2 .bklyn-big-icon-title { color: #ff1654; }<\/style><div id=\"ut_bi_69e753f8d97b2\" class=\"bklyn-big-icon-wrap\"><a  class=\"bklyn-big-icon-link \" target=\"_blank\" href=\"https:\/\/www.facebook.com\/DDigitalSolutions\/\" ><div class=\"bklyn-big-icon bklyn-big-icon-normal\"><div class=\"bklyn-big-icon-inner\"><i class=\"fa fa-facebook\"><\/i><\/div><\/div><h3 class=\"bklyn-big-icon-title\">Facebook<\/h3><div class=\"bklyn-big-icon-slogan\">Pane mulle Facebookis like<\/div><\/a><\/div><\/div>[\/vc_column][vc_column width=&#8221;1\/3&#8243;]<div class=\"wpb_content_element\"><style type=\"text\/css\">#ut_bi_69e753f8d97cb .bklyn-big-icon-link i { color: #151515; }#ut_bi_69e753f8d97cb .bklyn-big-icon-link:hover i { color: #ff1654; }#ut_bi_69e753f8d97cb .bklyn-big-icon-slogan { color: #151515; }#ut_bi_69e753f8d97cb .bklyn-big-icon-title { color: #ff1654; }<\/style><div id=\"ut_bi_69e753f8d97cb\" class=\"bklyn-big-icon-wrap\"><a  class=\"bklyn-big-icon-link \" target=\"_blank\" href=\"https:\/\/www.instagram.com\/ddigital.eu\/\" ><div class=\"bklyn-big-icon bklyn-big-icon-normal\"><div class=\"bklyn-big-icon-inner\"><i class=\"fa fa-instagram\"><\/i><\/div><\/div><h3 class=\"bklyn-big-icon-title\">Instagram<\/h3><div class=\"bklyn-big-icon-slogan\">Vaata minu viimaseid t\u00f6id Instagramis<\/div><\/a><\/div><\/div>[\/vc_column][vc_column width=&#8221;1\/3&#8243;]<div class=\"wpb_content_element\"><style type=\"text\/css\">#ut_bi_69e753f8d97de .bklyn-big-icon-link i { color: #151515; }#ut_bi_69e753f8d97de .bklyn-big-icon-link:hover i { color: #ff1654; }#ut_bi_69e753f8d97de .bklyn-big-icon-slogan { color: #151515; }#ut_bi_69e753f8d97de .bklyn-big-icon-title { color: #ff1654; }<\/style><div id=\"ut_bi_69e753f8d97de\" class=\"bklyn-big-icon-wrap\"><a  class=\"bklyn-big-icon-link \" target=\"_blank\" href=\"https:\/\/www.linkedin.com\/company\/ddigital-solutions\" ><div class=\"bklyn-big-icon bklyn-big-icon-normal\"><div class=\"bklyn-big-icon-inner\"><i class=\"fa fa-linkedin\"><\/i><\/div><\/div><h3 class=\"bklyn-big-icon-title\">LinkedIn<\/h3><div class=\"bklyn-big-icon-slogan\">J\u00e4lgi mind LinkedInis<\/div><\/a><\/div><\/div>[\/vc_column][\/vc_row][\/vc_section]<\/p>\n<\/div>","protected":false},"excerpt":{"rendered":"<p>[vc_section][vc_row equal_height=&#8221;yes&#8221; content_placement=&#8221;top&#8221;][vc_column width=&#8221;1\/2&#8243;][\/vc_column][vc_column width=&#8221;1\/2&#8243;][vc_row_inner css=&#8221;.vc_custom_1523371544800{margin-top: 0px !important;}&#8221;][vc_column_inner width=&#8221;1\/2&#8243;][\/vc_column_inner][vc_column_inner width=&#8221;1\/2&#8243;][\/vc_column_inner][\/vc_row_inner][\/vc_column][\/vc_row][vc_row][vc_column width=&#8221;1\/3&#8243;][\/vc_column][vc_column width=&#8221;1\/3&#8243;][\/vc_column][vc_column width=&#8221;1\/3&#8243;][\/vc_column][\/vc_row][\/vc_section]<\/p>\n","protected":false},"author":1,"featured_media":4874,"parent":0,"menu_order":0,"comment_status":"closed","ping_status":"closed","template":"","meta":{"footnotes":""},"class_list":["post-3880","page","type-page","status-publish","has-post-thumbnail","hentry"],"yoast_head":"<!-- This site is optimized with the Yoast SEO plugin v26.2 - https:\/\/yoast.com\/wordpress\/plugins\/seo\/ -->\n<title>Minust | Graafiline disainer | DDigital Solutions O\u00dc<\/title>\n<meta name=\"description\" content=\"Minust - Graafiline disainer Viktoria Tarassenko. Professionaalne vabakutseline graafiline disainer teie ettev\u00f5tte jaoks. V\u00f5ta \u00fchendust!\" \/>\n<meta name=\"robots\" content=\"index, follow, max-snippet:-1, max-image-preview:large, max-video-preview:-1\" \/>\n<link rel=\"canonical\" href=\"https:\/\/ddigital.eu\/et\/minust\/\" \/>\n<meta property=\"og:locale\" content=\"et_EE\" \/>\n<meta property=\"og:type\" content=\"article\" \/>\n<meta property=\"og:title\" content=\"Minust | Graafiline disainer | DDigital Solutions O\u00dc\" \/>\n<meta property=\"og:description\" content=\"Minust - Graafiline disainer Viktoria Tarassenko. Professionaalne vabakutseline graafiline disainer teie ettev\u00f5tte jaoks. V\u00f5ta \u00fchendust!\" \/>\n<meta property=\"og:url\" content=\"https:\/\/ddigital.eu\/et\/minust\/\" \/>\n<meta property=\"og:site_name\" content=\"DDigital Solutions\" \/>\n<meta property=\"article:publisher\" content=\"https:\/\/www.facebook.com\/DDigitalSolutions\/\" \/>\n<meta property=\"article:modified_time\" content=\"2024-11-14T12:26:18+00:00\" \/>\n<meta property=\"og:image\" content=\"https:\/\/ddigital.eu\/wp-content\/uploads\/2024\/02\/Portfoolio-DDigital-Solutions.jpg\" \/>\n\t<meta property=\"og:image:width\" content=\"768\" \/>\n\t<meta property=\"og:image:height\" content=\"1024\" \/>\n\t<meta property=\"og:image:type\" content=\"image\/jpeg\" \/>\n<meta name=\"twitter:card\" content=\"summary_large_image\" \/>\n<meta name=\"twitter:label1\" content=\"Est. reading time\" \/>\n\t<meta name=\"twitter:data1\" content=\"5 minutit\" \/>\n<script type=\"application\/ld+json\" class=\"yoast-schema-graph\">{\"@context\":\"https:\/\/schema.org\",\"@graph\":[{\"@type\":\"WebPage\",\"@id\":\"https:\/\/ddigital.eu\/et\/minust\/\",\"url\":\"https:\/\/ddigital.eu\/et\/minust\/\",\"name\":\"Minust | Graafiline disainer | DDigital Solutions O\u00dc\",\"isPartOf\":{\"@id\":\"https:\/\/ddigital.eu\/et\/#website\"},\"primaryImageOfPage\":{\"@id\":\"https:\/\/ddigital.eu\/et\/minust\/#primaryimage\"},\"image\":{\"@id\":\"https:\/\/ddigital.eu\/et\/minust\/#primaryimage\"},\"thumbnailUrl\":\"https:\/\/ddigital.eu\/wp-content\/uploads\/2024\/02\/Portfoolio-DDigital-Solutions.jpg\",\"datePublished\":\"2023-02-07T16:26:15+00:00\",\"dateModified\":\"2024-11-14T12:26:18+00:00\",\"description\":\"Minust - Graafiline disainer Viktoria Tarassenko. Professionaalne vabakutseline graafiline disainer teie ettev\u00f5tte jaoks. V\u00f5ta \u00fchendust!\",\"breadcrumb\":{\"@id\":\"https:\/\/ddigital.eu\/et\/minust\/#breadcrumb\"},\"inLanguage\":\"et\",\"potentialAction\":[{\"@type\":\"ReadAction\",\"target\":[\"https:\/\/ddigital.eu\/et\/minust\/\"]}]},{\"@type\":\"ImageObject\",\"inLanguage\":\"et\",\"@id\":\"https:\/\/ddigital.eu\/et\/minust\/#primaryimage\",\"url\":\"https:\/\/ddigital.eu\/wp-content\/uploads\/2024\/02\/Portfoolio-DDigital-Solutions.jpg\",\"contentUrl\":\"https:\/\/ddigital.eu\/wp-content\/uploads\/2024\/02\/Portfoolio-DDigital-Solutions.jpg\",\"width\":768,\"height\":1024,\"caption\":\"Portfoolio DDigital Solutions\"},{\"@type\":\"BreadcrumbList\",\"@id\":\"https:\/\/ddigital.eu\/et\/minust\/#breadcrumb\",\"itemListElement\":[{\"@type\":\"ListItem\",\"position\":1,\"name\":\"Home\",\"item\":\"https:\/\/ddigital.eu\/et\/\"},{\"@type\":\"ListItem\",\"position\":2,\"name\":\"Minust\"}]},{\"@type\":\"WebSite\",\"@id\":\"https:\/\/ddigital.eu\/et\/#website\",\"url\":\"https:\/\/ddigital.eu\/et\/\",\"name\":\"DDigital Solutions\",\"description\":\"Creative Digital Solutions\",\"publisher\":{\"@id\":\"https:\/\/ddigital.eu\/et\/#organization\"},\"potentialAction\":[{\"@type\":\"SearchAction\",\"target\":{\"@type\":\"EntryPoint\",\"urlTemplate\":\"https:\/\/ddigital.eu\/et\/?s={search_term_string}\"},\"query-input\":{\"@type\":\"PropertyValueSpecification\",\"valueRequired\":true,\"valueName\":\"search_term_string\"}}],\"inLanguage\":\"et\"},{\"@type\":\"Organization\",\"@id\":\"https:\/\/ddigital.eu\/et\/#organization\",\"name\":\"DDigital Solutions O\u00dc\",\"url\":\"https:\/\/ddigital.eu\/et\/\",\"logo\":{\"@type\":\"ImageObject\",\"inLanguage\":\"et\",\"@id\":\"https:\/\/ddigital.eu\/et\/#\/schema\/logo\/image\/\",\"url\":\"\",\"contentUrl\":\"\",\"caption\":\"DDigital Solutions O\u00dc\"},\"image\":{\"@id\":\"https:\/\/ddigital.eu\/et\/#\/schema\/logo\/image\/\"},\"sameAs\":[\"https:\/\/www.facebook.com\/DDigitalSolutions\/\",\"https:\/\/www.linkedin.com\/company\/ddigital-solutions\"]}]}<\/script>\n<!-- \/ Yoast SEO plugin. -->","yoast_head_json":{"title":"Minust | Graafiline disainer | DDigital Solutions O\u00dc","description":"Minust - Graafiline disainer Viktoria Tarassenko. Professionaalne vabakutseline graafiline disainer teie ettev\u00f5tte jaoks. V\u00f5ta \u00fchendust!","robots":{"index":"index","follow":"follow","max-snippet":"max-snippet:-1","max-image-preview":"max-image-preview:large","max-video-preview":"max-video-preview:-1"},"canonical":"https:\/\/ddigital.eu\/et\/minust\/","og_locale":"et_EE","og_type":"article","og_title":"Minust | Graafiline disainer | DDigital Solutions O\u00dc","og_description":"Minust - Graafiline disainer Viktoria Tarassenko. Professionaalne vabakutseline graafiline disainer teie ettev\u00f5tte jaoks. V\u00f5ta \u00fchendust!","og_url":"https:\/\/ddigital.eu\/et\/minust\/","og_site_name":"DDigital Solutions","article_publisher":"https:\/\/www.facebook.com\/DDigitalSolutions\/","article_modified_time":"2024-11-14T12:26:18+00:00","og_image":[{"width":768,"height":1024,"url":"https:\/\/ddigital.eu\/wp-content\/uploads\/2024\/02\/Portfoolio-DDigital-Solutions.jpg","type":"image\/jpeg"}],"twitter_card":"summary_large_image","twitter_misc":{"Est. reading time":"5 minutit"},"schema":{"@context":"https:\/\/schema.org","@graph":[{"@type":"WebPage","@id":"https:\/\/ddigital.eu\/et\/minust\/","url":"https:\/\/ddigital.eu\/et\/minust\/","name":"Minust | Graafiline disainer | DDigital Solutions O\u00dc","isPartOf":{"@id":"https:\/\/ddigital.eu\/et\/#website"},"primaryImageOfPage":{"@id":"https:\/\/ddigital.eu\/et\/minust\/#primaryimage"},"image":{"@id":"https:\/\/ddigital.eu\/et\/minust\/#primaryimage"},"thumbnailUrl":"https:\/\/ddigital.eu\/wp-content\/uploads\/2024\/02\/Portfoolio-DDigital-Solutions.jpg","datePublished":"2023-02-07T16:26:15+00:00","dateModified":"2024-11-14T12:26:18+00:00","description":"Minust - Graafiline disainer Viktoria Tarassenko. Professionaalne vabakutseline graafiline disainer teie ettev\u00f5tte jaoks. V\u00f5ta \u00fchendust!","breadcrumb":{"@id":"https:\/\/ddigital.eu\/et\/minust\/#breadcrumb"},"inLanguage":"et","potentialAction":[{"@type":"ReadAction","target":["https:\/\/ddigital.eu\/et\/minust\/"]}]},{"@type":"ImageObject","inLanguage":"et","@id":"https:\/\/ddigital.eu\/et\/minust\/#primaryimage","url":"https:\/\/ddigital.eu\/wp-content\/uploads\/2024\/02\/Portfoolio-DDigital-Solutions.jpg","contentUrl":"https:\/\/ddigital.eu\/wp-content\/uploads\/2024\/02\/Portfoolio-DDigital-Solutions.jpg","width":768,"height":1024,"caption":"Portfoolio DDigital Solutions"},{"@type":"BreadcrumbList","@id":"https:\/\/ddigital.eu\/et\/minust\/#breadcrumb","itemListElement":[{"@type":"ListItem","position":1,"name":"Home","item":"https:\/\/ddigital.eu\/et\/"},{"@type":"ListItem","position":2,"name":"Minust"}]},{"@type":"WebSite","@id":"https:\/\/ddigital.eu\/et\/#website","url":"https:\/\/ddigital.eu\/et\/","name":"DDigital Solutions","description":"Creative Digital Solutions","publisher":{"@id":"https:\/\/ddigital.eu\/et\/#organization"},"potentialAction":[{"@type":"SearchAction","target":{"@type":"EntryPoint","urlTemplate":"https:\/\/ddigital.eu\/et\/?s={search_term_string}"},"query-input":{"@type":"PropertyValueSpecification","valueRequired":true,"valueName":"search_term_string"}}],"inLanguage":"et"},{"@type":"Organization","@id":"https:\/\/ddigital.eu\/et\/#organization","name":"DDigital Solutions O\u00dc","url":"https:\/\/ddigital.eu\/et\/","logo":{"@type":"ImageObject","inLanguage":"et","@id":"https:\/\/ddigital.eu\/et\/#\/schema\/logo\/image\/","url":"","contentUrl":"","caption":"DDigital Solutions O\u00dc"},"image":{"@id":"https:\/\/ddigital.eu\/et\/#\/schema\/logo\/image\/"},"sameAs":["https:\/\/www.facebook.com\/DDigitalSolutions\/","https:\/\/www.linkedin.com\/company\/ddigital-solutions"]}]}},"_links":{"self":[{"href":"https:\/\/ddigital.eu\/et\/wp-json\/wp\/v2\/pages\/3880","targetHints":{"allow":["GET"]}}],"collection":[{"href":"https:\/\/ddigital.eu\/et\/wp-json\/wp\/v2\/pages"}],"about":[{"href":"https:\/\/ddigital.eu\/et\/wp-json\/wp\/v2\/types\/page"}],"author":[{"embeddable":true,"href":"https:\/\/ddigital.eu\/et\/wp-json\/wp\/v2\/users\/1"}],"replies":[{"embeddable":true,"href":"https:\/\/ddigital.eu\/et\/wp-json\/wp\/v2\/comments?post=3880"}],"version-history":[{"count":2,"href":"https:\/\/ddigital.eu\/et\/wp-json\/wp\/v2\/pages\/3880\/revisions"}],"predecessor-version":[{"id":5705,"href":"https:\/\/ddigital.eu\/et\/wp-json\/wp\/v2\/pages\/3880\/revisions\/5705"}],"wp:featuredmedia":[{"embeddable":true,"href":"https:\/\/ddigital.eu\/et\/wp-json\/wp\/v2\/media\/4874"}],"wp:attachment":[{"href":"https:\/\/ddigital.eu\/et\/wp-json\/wp\/v2\/media?parent=3880"}],"curies":[{"name":"wp","href":"https:\/\/api.w.org\/{rel}","templated":true}]}}