{"id":3492,"date":"2019-11-19T07:33:32","date_gmt":"2019-11-19T07:33:32","guid":{"rendered":"https:\/\/ddigital.eu\/kontakt\/"},"modified":"2024-02-14T11:37:14","modified_gmt":"2024-02-14T11:37:14","slug":"kontakt","status":"publish","type":"page","link":"https:\/\/ddigital.eu\/et\/kontakt\/","title":{"rendered":"Kontakt"},"content":{"rendered":"<div class=\"wpb-content-wrapper\"><p>[vc_section el_name=&#8221;First Section&#8221;][vc_row delay=&#8221;true&#8221; el_name=&#8221;Row has animation&#8221; effect=&#8221;fadeIn&#8221;][vc_column]<div class=\"wpb_content_element \"><style type=\"text\/css\">#ut_header_69e753dd3e5df h1.section-title { font-size:60px !important;line-height:70px !important;letter-spacing:-0.04em; }<\/style><header id=\"ut_header_69e753dd3e5df\" class=\"section-header  ut-no-title-linebreak-mobile ut-no-lead-linebreak-mobile pt-style-7 header-left header-tablet-left header-mobile-center element-with-custom-line-height\"><div class=\"element-with-custom-line-height\" ><h1 data-title=\"V\u00f5ta meiega \u00fchendust\"  data-responsive-font=\"section_title\" data-responsive-font-settings=\"{&quot;base-font-size&quot;:&quot;global&quot;,&quot;font-size&quot;:{&quot;desktop_large&quot;:&quot;60&quot;},&quot;base-line-height&quot;:&quot;global&quot;,&quot;line-height&quot;:{&quot;desktop_large&quot;:&quot;70&quot;},&quot;base-letter-spacing&quot;:&quot;global&quot;,&quot;letter-spacing&quot;:{&quot;desktop_large&quot;:&quot;-0.04&quot;}}\" class=\"section-title  \"><span>V\u00f5ta meiega \u00fchendust<\/span><\/h1><\/div><div data-delay=\"0\" class=\"lead \"><p>Kas teil on projekt? V\u00f5ta meiega \u00fchendust! <\/p>\n<\/div><\/header><\/div>[\/vc_column][\/vc_row][\/vc_section][vc_section el_name=&#8221;Second Section&#8221;][vc_row delay=&#8221;true&#8221; el_name=&#8221;Row has animation&#8221; effect=&#8221;fadeIn&#8221;][vc_column width=&#8221;1\/3&#8243;]\r\n            <script type=\"text\/javascript\">\r\n\r\n                if( window.ut_rotator_words === undefined  ) {\r\n\r\n                    window.ut_rotator_words = [];\r\n\r\n                }\r\n\r\n                window.ut_rotator_words['ut_word_rotator_69e753dd3ff96'] = [\"We speak English!\",\"R\\u00e4\\u00e4gime eesti keelt!\",\"\\u041c\\u044b \\u0433\\u043e\\u0432\\u043e\\u0440\\u0438\\u043c \\u043f\\u043e-\\u0440\\u0443\\u0441\\u0441\\u043a\\u0438!\"];\r\n\r\n            <\/script>\r\n\r\n\t        <style type=\"text\/css\">#ut_word_rotator_69e753dd3ff95 h2.ut-word-rotator { line-height: 100%; }<\/style><div id=\"ut_word_rotator_69e753dd3ff95\" class=\"ut-word-rotator-wrap wpb_content_element \" ><h2 id=\"ut_word_rotator_69e753dd3ff96\" class=\" ut-word-rotator-typewriter ut-word-rotator\" data-responsive-font=\"h2\" data-id=\"ut_word_rotator_69e753dd3ff96\" data-settings=\"{&quot;word_effect&quot;:&quot;typewriter&quot;,&quot;timer&quot;:2000,&quot;effect_timer&quot;:0,&quot;glitch&quot;:&quot;off&quot;,&quot;cursor&quot;:&quot;|&quot;,&quot;wait_for_preloader&quot;:true}\"><div data-title=\"We speak English!\">We speak English!<\/div><\/h2><\/div><style type=\"text\/css\">#ut_custom_heading69e753dd3ffcb { font-size:18px !important;line-height:100% !important;letter-spacing:-0.03em; }@media (min-width: 1025px) and (max-width: 1679px) {#ut_custom_heading69e753dd3ffcb { line-height:100% !important; }}@media (min-width: 768px) and (max-width: 1024px) {#ut_custom_heading69e753dd3ffcb { line-height:100% !important; }}@media (max-width: 767px) {#ut_custom_heading69e753dd3ffcb { line-height:100% !important; }}#ut_custom_heading69e753dd3ffcb { text-align:left; }@media (min-width: 768px) and (max-width: 1024px) { #ut_custom_heading69e753dd3ffcb { text-align:left; } }@media (max-width: 767px) { #ut_custom_heading69e753dd3ffcb { text-align:left; } }<\/style><h3 id=\"ut_custom_heading69e753dd3ffcb\" data-responsive-font=\"h3\" data-responsive-font-settings=\"{&quot;base-font-size&quot;:&quot;global&quot;,&quot;font-size&quot;:{&quot;desktop_large&quot;:&quot;18&quot;},&quot;base-line-height&quot;:&quot;100&quot;,&quot;line-height-unit&quot;:&quot;%&quot;,&quot;line-height&quot;:{&quot;desktop_large&quot;:&quot;100&quot;,&quot;desktop_small&quot;:&quot;100&quot;,&quot;tablet&quot;:&quot;100&quot;,&quot;mobile&quot;:&quot;100&quot;},&quot;base-letter-spacing&quot;:&quot;global&quot;,&quot;letter-spacing&quot;:{&quot;desktop_large&quot;:&quot;-0.03&quot;}}\" class=\"ut-custom-heading-module   vc_custom_1657813832386\" ><span class=\"\" >DDigital Solutions O\u00dc<\/span><\/h3><style type=\"text\/css\">#ut_custom_heading69e753dd40009 { font-size:13px !important;line-height:150% !important; }@media (min-width: 1025px) and (max-width: 1679px) {#ut_custom_heading69e753dd40009 { line-height:150% !important; }}@media (min-width: 768px) and (max-width: 1024px) {#ut_custom_heading69e753dd40009 { line-height:150% !important; }}@media (max-width: 767px) {#ut_custom_heading69e753dd40009 { line-height:150% !important; }}#ut_custom_heading69e753dd40009 { text-align:left; }@media (min-width: 768px) and (max-width: 1024px) { #ut_custom_heading69e753dd40009 { text-align:left; } }@media (max-width: 767px) { #ut_custom_heading69e753dd40009 { text-align:left; } }<\/style><p id=\"ut_custom_heading69e753dd40009\" data-responsive-font=\"p\" data-responsive-font-settings=\"{&quot;base-font-size&quot;:&quot;global&quot;,&quot;font-size&quot;:{&quot;desktop_large&quot;:&quot;13&quot;},&quot;base-line-height&quot;:&quot;150&quot;,&quot;line-height-unit&quot;:&quot;%&quot;,&quot;line-height&quot;:{&quot;desktop_large&quot;:&quot;150&quot;,&quot;desktop_small&quot;:&quot;150&quot;,&quot;tablet&quot;:&quot;150&quot;,&quot;mobile&quot;:&quot;150&quot;},&quot;base-letter-spacing&quot;:&quot;global&quot;}\" class=\"ut-custom-heading-module  \" ><span class=\"\" >Reg.\u2116 14908921<br \/>\nVAT EE102269875<br \/>\nLiivam\u00e4e 4, 10132,<br \/>\nTallinn<br \/>\nEESTI<\/span><\/p>[vc_separator color=&#8221;custom&#8221; accent_color=&#8221;#dddddd&#8221;]<style type=\"text\/css\">#ut_custom_heading69e753dd40035 { font-size:12px !important;line-height:125% !important; }@media (min-width: 1025px) and (max-width: 1679px) {#ut_custom_heading69e753dd40035 { line-height:125% !important; }}@media (min-width: 768px) and (max-width: 1024px) {#ut_custom_heading69e753dd40035 { line-height:125% !important; }}@media (max-width: 767px) {#ut_custom_heading69e753dd40035 { line-height:125% !important; }}#ut_custom_heading69e753dd40035 { font-weight:600; }#ut_custom_heading69e753dd40035 { text-align:left; }@media (min-width: 768px) and (max-width: 1024px) { #ut_custom_heading69e753dd40035 { text-align:left; } }@media (max-width: 767px) { #ut_custom_heading69e753dd40035 { text-align:left; } }<\/style><p id=\"ut_custom_heading69e753dd40035\" data-responsive-font=\"p\" data-responsive-font-settings=\"{&quot;base-font-size&quot;:&quot;12&quot;,&quot;font-size-unit&quot;:&quot;px&quot;,&quot;font-size&quot;:{&quot;desktop_large&quot;:&quot;12&quot;},&quot;base-line-height&quot;:&quot;125&quot;,&quot;line-height-unit&quot;:&quot;%&quot;,&quot;line-height&quot;:{&quot;desktop_large&quot;:&quot;125&quot;,&quot;desktop_small&quot;:&quot;125&quot;,&quot;tablet&quot;:&quot;125&quot;,&quot;mobile&quot;:&quot;125&quot;},&quot;base-letter-spacing&quot;:&quot;global&quot;}\" class=\"ut-custom-heading-module   vc_custom_1657813913191\" ><span class=\"\" ><a title=\"\" href=\"mailto:hello@ddigital.eu\" target=\"_self\" >hello@ddigital.eu<\/a><\/span><\/p><style type=\"text\/css\">#ut_custom_heading69e753dd40076 { font-size:18px !important;line-height:100% !important; }@media (min-width: 1025px) and (max-width: 1679px) {#ut_custom_heading69e753dd40076 { line-height:100% !important; }}@media (min-width: 768px) and (max-width: 1024px) {#ut_custom_heading69e753dd40076 { line-height:100% !important; }}@media (max-width: 767px) {#ut_custom_heading69e753dd40076 { line-height:100% !important; }}#ut_custom_heading69e753dd40076 { text-align:left; }@media (min-width: 768px) and (max-width: 1024px) { #ut_custom_heading69e753dd40076 { text-align:left; } }@media (max-width: 767px) { #ut_custom_heading69e753dd40076 { text-align:left; } }<\/style><p id=\"ut_custom_heading69e753dd40076\" data-responsive-font=\"p\" data-responsive-font-settings=\"{&quot;base-font-size&quot;:&quot;18&quot;,&quot;font-size-unit&quot;:&quot;px&quot;,&quot;font-size&quot;:{&quot;desktop_large&quot;:&quot;18&quot;},&quot;base-line-height&quot;:&quot;100&quot;,&quot;line-height-unit&quot;:&quot;%&quot;,&quot;line-height&quot;:{&quot;desktop_large&quot;:&quot;100&quot;,&quot;desktop_small&quot;:&quot;100&quot;,&quot;tablet&quot;:&quot;100&quot;,&quot;mobile&quot;:&quot;100&quot;},&quot;base-letter-spacing&quot;:&quot;global&quot;}\" class=\"ut-custom-heading-module  \" ><span class=\"\" >+(372) 59 181 118<\/span><\/p>[vc_empty_space height=&#8221;20px&#8221;][\/vc_column][vc_column width=&#8221;2\/3&#8243;]<div id=\"ut_cf7_colors_69e753dd40098\" class=\"wpb_content_element  \">\n<div class=\"wpcf7 no-js\" id=\"wpcf7-f3683-o1\" lang=\"et\" dir=\"ltr\" data-wpcf7-id=\"3683\">\n<div class=\"screen-reader-response\"><p role=\"status\" aria-live=\"polite\" aria-atomic=\"true\"><\/p> <ul><\/ul><\/div>\n<form action=\"\/et\/wp-json\/wp\/v2\/pages\/3492#wpcf7-f3683-o1\" method=\"post\" class=\"wpcf7-form init\" aria-label=\"Contact form\" novalidate=\"novalidate\" data-status=\"init\">\n<fieldset class=\"hidden-fields-container\"><input type=\"hidden\" name=\"_wpcf7\" value=\"3683\" \/><input type=\"hidden\" name=\"_wpcf7_version\" value=\"6.1.2\" \/><input type=\"hidden\" name=\"_wpcf7_locale\" value=\"et\" \/><input type=\"hidden\" name=\"_wpcf7_unit_tag\" value=\"wpcf7-f3683-o1\" \/><input type=\"hidden\" name=\"_wpcf7_container_post\" value=\"0\" \/><input type=\"hidden\" name=\"_wpcf7_posted_data_hash\" value=\"\" \/><input type=\"hidden\" name=\"_wpcf7_recaptcha_response\" value=\"\" \/>\n<\/fieldset>\n<label> Nimi\n    <span class=\"wpcf7-form-control-wrap\" data-name=\"your-name\"><input size=\"40\" maxlength=\"400\" class=\"wpcf7-form-control wpcf7-text wpcf7-validates-as-required\" aria-required=\"true\" aria-invalid=\"false\" value=\"\" type=\"text\" name=\"your-name\" \/><\/span> <\/label>\n\n<label> Email\n    <span class=\"wpcf7-form-control-wrap\" data-name=\"your-email\"><input size=\"40\" maxlength=\"400\" class=\"wpcf7-form-control wpcf7-email wpcf7-validates-as-required wpcf7-text wpcf7-validates-as-email\" aria-required=\"true\" aria-invalid=\"false\" value=\"\" type=\"email\" name=\"your-email\" \/><\/span> <\/label>\n\n<label> Teema\n    <span class=\"wpcf7-form-control-wrap\" data-name=\"your-subject\"><input size=\"40\" maxlength=\"400\" class=\"wpcf7-form-control wpcf7-text wpcf7-validates-as-required\" aria-required=\"true\" aria-invalid=\"false\" value=\"\" type=\"text\" name=\"your-subject\" \/><\/span> <\/label>\n\n<label> S\u00f5num\n    <span class=\"wpcf7-form-control-wrap\" data-name=\"your-message\"><textarea cols=\"40\" rows=\"10\" maxlength=\"2000\" class=\"wpcf7-form-control wpcf7-textarea\" aria-invalid=\"false\" name=\"your-message\"><\/textarea><\/span> <\/label>\n\n<input class=\"wpcf7-form-control wpcf7-submit has-spinner\" type=\"submit\" value=\"Saada\" \/><div class=\"wpcf7-response-output\" aria-hidden=\"true\"><\/div>\n<\/form>\n<\/div>\n<\/div>[\/vc_column][\/vc_row][\/vc_section]<\/p>\n<\/div>","protected":false},"excerpt":{"rendered":"<p>[vc_section el_name=&#8221;First Section&#8221;][vc_row delay=&#8221;true&#8221; el_name=&#8221;Row has animation&#8221; effect=&#8221;fadeIn&#8221;][vc_column][\/vc_column][\/vc_row][\/vc_section][vc_section el_name=&#8221;Second Section&#8221;][vc_row delay=&#8221;true&#8221; el_name=&#8221;Row has animation&#8221; effect=&#8221;fadeIn&#8221;][vc_column width=&#8221;1\/3&#8243;][vc_separator color=&#8221;custom&#8221; accent_color=&#8221;#dddddd&#8221;][vc_empty_space height=&#8221;20px&#8221;][\/vc_column][vc_column width=&#8221;2\/3&#8243;][\/vc_column][\/vc_row][\/vc_section]<\/p>\n","protected":false},"author":1,"featured_media":4857,"parent":0,"menu_order":0,"comment_status":"closed","ping_status":"closed","template":"","meta":{"footnotes":""},"class_list":["post-3492","page","type-page","status-publish","has-post-thumbnail","hentry"],"yoast_head":"<!-- This site is optimized with the Yoast SEO plugin v26.2 - https:\/\/yoast.com\/wordpress\/plugins\/seo\/ -->\n<title>Kontakt | DDigital Solutions<\/title>\n<meta name=\"description\" content=\"Nutikad digilahendused erinevatele \u00e4rivaldkondadele. Personaalse pakkumise ja hinnapakkumise saamiseks v\u00f5tke meiega \u00fchendust.\" \/>\n<meta name=\"robots\" content=\"index, follow, max-snippet:-1, max-image-preview:large, max-video-preview:-1\" \/>\n<link rel=\"canonical\" href=\"https:\/\/ddigital.eu\/et\/kontakt\/\" \/>\n<meta property=\"og:locale\" content=\"et_EE\" \/>\n<meta property=\"og:type\" content=\"article\" \/>\n<meta property=\"og:title\" content=\"Kontakt | DDigital Solutions\" \/>\n<meta property=\"og:description\" content=\"Nutikad digilahendused erinevatele \u00e4rivaldkondadele. Personaalse pakkumise ja hinnapakkumise saamiseks v\u00f5tke meiega \u00fchendust.\" \/>\n<meta property=\"og:url\" content=\"https:\/\/ddigital.eu\/et\/kontakt\/\" \/>\n<meta property=\"og:site_name\" content=\"DDigital Solutions\" \/>\n<meta property=\"article:publisher\" content=\"https:\/\/www.facebook.com\/DDigitalSolutions\/\" \/>\n<meta property=\"article:modified_time\" content=\"2024-02-14T11:37:14+00:00\" \/>\n<meta property=\"og:image\" content=\"https:\/\/ddigital.eu\/wp-content\/uploads\/2024\/02\/Viktoria-Tarassenko-DDigital-Solutions.jpg\" \/>\n\t<meta property=\"og:image:width\" content=\"768\" \/>\n\t<meta property=\"og:image:height\" content=\"1024\" \/>\n\t<meta property=\"og:image:type\" content=\"image\/jpeg\" \/>\n<meta name=\"twitter:card\" content=\"summary_large_image\" \/>\n<meta name=\"twitter:label1\" content=\"Est. reading time\" \/>\n\t<meta name=\"twitter:data1\" content=\"2 minutit\" \/>\n<script type=\"application\/ld+json\" class=\"yoast-schema-graph\">{\"@context\":\"https:\/\/schema.org\",\"@graph\":[{\"@type\":\"WebPage\",\"@id\":\"https:\/\/ddigital.eu\/et\/kontakt\/\",\"url\":\"https:\/\/ddigital.eu\/et\/kontakt\/\",\"name\":\"Kontakt | DDigital Solutions\",\"isPartOf\":{\"@id\":\"https:\/\/ddigital.eu\/et\/#website\"},\"primaryImageOfPage\":{\"@id\":\"https:\/\/ddigital.eu\/et\/kontakt\/#primaryimage\"},\"image\":{\"@id\":\"https:\/\/ddigital.eu\/et\/kontakt\/#primaryimage\"},\"thumbnailUrl\":\"https:\/\/ddigital.eu\/wp-content\/uploads\/2024\/02\/Viktoria-Tarassenko-DDigital-Solutions.jpg\",\"datePublished\":\"2019-11-19T07:33:32+00:00\",\"dateModified\":\"2024-02-14T11:37:14+00:00\",\"description\":\"Nutikad digilahendused erinevatele \u00e4rivaldkondadele. Personaalse pakkumise ja hinnapakkumise saamiseks v\u00f5tke meiega \u00fchendust.\",\"breadcrumb\":{\"@id\":\"https:\/\/ddigital.eu\/et\/kontakt\/#breadcrumb\"},\"inLanguage\":\"et\",\"potentialAction\":[{\"@type\":\"ReadAction\",\"target\":[\"https:\/\/ddigital.eu\/et\/kontakt\/\"]}]},{\"@type\":\"ImageObject\",\"inLanguage\":\"et\",\"@id\":\"https:\/\/ddigital.eu\/et\/kontakt\/#primaryimage\",\"url\":\"https:\/\/ddigital.eu\/wp-content\/uploads\/2024\/02\/Viktoria-Tarassenko-DDigital-Solutions.jpg\",\"contentUrl\":\"https:\/\/ddigital.eu\/wp-content\/uploads\/2024\/02\/Viktoria-Tarassenko-DDigital-Solutions.jpg\",\"width\":768,\"height\":1024,\"caption\":\"Viktoria Tarassenko DDigital Solutions.jpg\"},{\"@type\":\"BreadcrumbList\",\"@id\":\"https:\/\/ddigital.eu\/et\/kontakt\/#breadcrumb\",\"itemListElement\":[{\"@type\":\"ListItem\",\"position\":1,\"name\":\"Home\",\"item\":\"https:\/\/ddigital.eu\/et\/\"},{\"@type\":\"ListItem\",\"position\":2,\"name\":\"Kontakt\"}]},{\"@type\":\"WebSite\",\"@id\":\"https:\/\/ddigital.eu\/et\/#website\",\"url\":\"https:\/\/ddigital.eu\/et\/\",\"name\":\"DDigital Solutions\",\"description\":\"Creative Digital Solutions\",\"publisher\":{\"@id\":\"https:\/\/ddigital.eu\/et\/#organization\"},\"potentialAction\":[{\"@type\":\"SearchAction\",\"target\":{\"@type\":\"EntryPoint\",\"urlTemplate\":\"https:\/\/ddigital.eu\/et\/?s={search_term_string}\"},\"query-input\":{\"@type\":\"PropertyValueSpecification\",\"valueRequired\":true,\"valueName\":\"search_term_string\"}}],\"inLanguage\":\"et\"},{\"@type\":\"Organization\",\"@id\":\"https:\/\/ddigital.eu\/et\/#organization\",\"name\":\"DDigital Solutions O\u00dc\",\"url\":\"https:\/\/ddigital.eu\/et\/\",\"logo\":{\"@type\":\"ImageObject\",\"inLanguage\":\"et\",\"@id\":\"https:\/\/ddigital.eu\/et\/#\/schema\/logo\/image\/\",\"url\":\"\",\"contentUrl\":\"\",\"caption\":\"DDigital Solutions O\u00dc\"},\"image\":{\"@id\":\"https:\/\/ddigital.eu\/et\/#\/schema\/logo\/image\/\"},\"sameAs\":[\"https:\/\/www.facebook.com\/DDigitalSolutions\/\",\"https:\/\/www.linkedin.com\/company\/ddigital-solutions\"]}]}<\/script>\n<!-- \/ Yoast SEO plugin. -->","yoast_head_json":{"title":"Kontakt | DDigital Solutions","description":"Nutikad digilahendused erinevatele \u00e4rivaldkondadele. Personaalse pakkumise ja hinnapakkumise saamiseks v\u00f5tke meiega \u00fchendust.","robots":{"index":"index","follow":"follow","max-snippet":"max-snippet:-1","max-image-preview":"max-image-preview:large","max-video-preview":"max-video-preview:-1"},"canonical":"https:\/\/ddigital.eu\/et\/kontakt\/","og_locale":"et_EE","og_type":"article","og_title":"Kontakt | DDigital Solutions","og_description":"Nutikad digilahendused erinevatele \u00e4rivaldkondadele. Personaalse pakkumise ja hinnapakkumise saamiseks v\u00f5tke meiega \u00fchendust.","og_url":"https:\/\/ddigital.eu\/et\/kontakt\/","og_site_name":"DDigital Solutions","article_publisher":"https:\/\/www.facebook.com\/DDigitalSolutions\/","article_modified_time":"2024-02-14T11:37:14+00:00","og_image":[{"width":768,"height":1024,"url":"https:\/\/ddigital.eu\/wp-content\/uploads\/2024\/02\/Viktoria-Tarassenko-DDigital-Solutions.jpg","type":"image\/jpeg"}],"twitter_card":"summary_large_image","twitter_misc":{"Est. reading time":"2 minutit"},"schema":{"@context":"https:\/\/schema.org","@graph":[{"@type":"WebPage","@id":"https:\/\/ddigital.eu\/et\/kontakt\/","url":"https:\/\/ddigital.eu\/et\/kontakt\/","name":"Kontakt | DDigital Solutions","isPartOf":{"@id":"https:\/\/ddigital.eu\/et\/#website"},"primaryImageOfPage":{"@id":"https:\/\/ddigital.eu\/et\/kontakt\/#primaryimage"},"image":{"@id":"https:\/\/ddigital.eu\/et\/kontakt\/#primaryimage"},"thumbnailUrl":"https:\/\/ddigital.eu\/wp-content\/uploads\/2024\/02\/Viktoria-Tarassenko-DDigital-Solutions.jpg","datePublished":"2019-11-19T07:33:32+00:00","dateModified":"2024-02-14T11:37:14+00:00","description":"Nutikad digilahendused erinevatele \u00e4rivaldkondadele. Personaalse pakkumise ja hinnapakkumise saamiseks v\u00f5tke meiega \u00fchendust.","breadcrumb":{"@id":"https:\/\/ddigital.eu\/et\/kontakt\/#breadcrumb"},"inLanguage":"et","potentialAction":[{"@type":"ReadAction","target":["https:\/\/ddigital.eu\/et\/kontakt\/"]}]},{"@type":"ImageObject","inLanguage":"et","@id":"https:\/\/ddigital.eu\/et\/kontakt\/#primaryimage","url":"https:\/\/ddigital.eu\/wp-content\/uploads\/2024\/02\/Viktoria-Tarassenko-DDigital-Solutions.jpg","contentUrl":"https:\/\/ddigital.eu\/wp-content\/uploads\/2024\/02\/Viktoria-Tarassenko-DDigital-Solutions.jpg","width":768,"height":1024,"caption":"Viktoria Tarassenko DDigital Solutions.jpg"},{"@type":"BreadcrumbList","@id":"https:\/\/ddigital.eu\/et\/kontakt\/#breadcrumb","itemListElement":[{"@type":"ListItem","position":1,"name":"Home","item":"https:\/\/ddigital.eu\/et\/"},{"@type":"ListItem","position":2,"name":"Kontakt"}]},{"@type":"WebSite","@id":"https:\/\/ddigital.eu\/et\/#website","url":"https:\/\/ddigital.eu\/et\/","name":"DDigital Solutions","description":"Creative Digital Solutions","publisher":{"@id":"https:\/\/ddigital.eu\/et\/#organization"},"potentialAction":[{"@type":"SearchAction","target":{"@type":"EntryPoint","urlTemplate":"https:\/\/ddigital.eu\/et\/?s={search_term_string}"},"query-input":{"@type":"PropertyValueSpecification","valueRequired":true,"valueName":"search_term_string"}}],"inLanguage":"et"},{"@type":"Organization","@id":"https:\/\/ddigital.eu\/et\/#organization","name":"DDigital Solutions O\u00dc","url":"https:\/\/ddigital.eu\/et\/","logo":{"@type":"ImageObject","inLanguage":"et","@id":"https:\/\/ddigital.eu\/et\/#\/schema\/logo\/image\/","url":"","contentUrl":"","caption":"DDigital Solutions O\u00dc"},"image":{"@id":"https:\/\/ddigital.eu\/et\/#\/schema\/logo\/image\/"},"sameAs":["https:\/\/www.facebook.com\/DDigitalSolutions\/","https:\/\/www.linkedin.com\/company\/ddigital-solutions"]}]}},"_links":{"self":[{"href":"https:\/\/ddigital.eu\/et\/wp-json\/wp\/v2\/pages\/3492","targetHints":{"allow":["GET"]}}],"collection":[{"href":"https:\/\/ddigital.eu\/et\/wp-json\/wp\/v2\/pages"}],"about":[{"href":"https:\/\/ddigital.eu\/et\/wp-json\/wp\/v2\/types\/page"}],"author":[{"embeddable":true,"href":"https:\/\/ddigital.eu\/et\/wp-json\/wp\/v2\/users\/1"}],"replies":[{"embeddable":true,"href":"https:\/\/ddigital.eu\/et\/wp-json\/wp\/v2\/comments?post=3492"}],"version-history":[{"count":0,"href":"https:\/\/ddigital.eu\/et\/wp-json\/wp\/v2\/pages\/3492\/revisions"}],"wp:featuredmedia":[{"embeddable":true,"href":"https:\/\/ddigital.eu\/et\/wp-json\/wp\/v2\/media\/4857"}],"wp:attachment":[{"href":"https:\/\/ddigital.eu\/et\/wp-json\/wp\/v2\/media?parent=3492"}],"curies":[{"name":"wp","href":"https:\/\/api.w.org\/{rel}","templated":true}]}}